{"id":358,"date":"2018-04-19T11:40:27","date_gmt":"2018-04-19T11:40:27","guid":{"rendered":"http:\/\/droitthemes.com\/wp\/appart\/?page_id=358"},"modified":"2023-07-17T03:49:58","modified_gmt":"2023-07-17T03:49:58","slug":"home","status":"publish","type":"page","link":"https:\/\/leaderpartner.com\/","title":{"rendered":"Home"},"content":{"rendered":"\t\t<div data-elementor-type=\"wp-post\" data-elementor-id=\"358\" class=\"elementor elementor-358\" data-elementor-settings=\"[]\">\n\t\t\t\t\t\t\t<div class=\"elementor-section-wrap\">\n\t\t\t\t\t\t\t<section class=\"elementor-section elementor-top-section elementor-element elementor-element-d22e011 elementor-section-full_width elementor-section-height-default elementor-section-height-default\" data-id=\"d22e011\" data-element_type=\"section\">\n\t\t\t\t\t\t<div class=\"elementor-container elementor-column-gap-no\">\n\t\t\t\t\t<div class=\"elementor-column elementor-col-100 elementor-top-column elementor-element elementor-element-b587281\" data-id=\"b587281\" data-element_type=\"column\">\n\t\t\t<div class=\"elementor-widget-wrap elementor-element-populated\">\n\t\t\t\t\t\t\t\t<div class=\"elementor-element elementor-element-595c7d6 elementor-widget elementor-widget-appart-hero\" data-id=\"595c7d6\" data-element_type=\"widget\" id=\"home\" data-widget_type=\"appart-hero.default\">\n\t\t\t\t<div class=\"elementor-widget-container\">\n\t\t\t                            <style>\r\n                    section.hero-three.hero_five:before {\r\n                        background: url(http:\/\/leaderpartner.com\/wp-content\/uploads\/2021\/05\/world-key.png) no-repeat scroll center 0\/cover;\r\n                    }\r\n                <\/style>\r\n                        <section class=\"hero-three hero_five\" \r\n                style='background-image: -moz-linear-gradient( 0deg, #1c46df 0%, #18d8f6 100%);\r\n                background-image: -webkit-linear-gradient( 0deg, #1c46df 0%, #18d8f6 100%);\r\n                background-image: -ms-linear-gradient( 0deg, #1c46df 0%, #18d8f6 100%);'>\r\n                <div id=\"particles-js\"> <\/div>                <div class=\"container\">\r\n                    <div class=\"row\">\r\n                        <div class=\"col-sm-12\">\r\n                            <div class=\"col-header-text hero-content\">\r\n                                                                                                                                        <style>\r\n                                            .btn-transparent.hero-btn-transparent1:before {\r\n                                                background: #557fff;\r\n                                            }\r\n                                            .btn-transparent.hero-btn-transparent1:hover {\r\n                                                color: #ffffff !important;\r\n                                            }\r\n                                            .btn-transparent.hero-btn-transparent1:hover:before {\r\n                                                background: #ffffff !important;\r\n                                            }\r\n                                        <\/style>\r\n                                        <a class=\"banner_btn btn-transparent hero-btn-transparent1\" style=\"color: #557fff\" href=\"\"><\/a>                            <\/div>\r\n                        <\/div>\r\n                    <\/div>\r\n                    <div class=\"mockup_img\">\r\n                                                    <img decoding=\"async\" src=\"http:\/\/leaderpartner.com\/wp-content\/uploads\/2021\/05\/servcios_4-01.png\"  alt=\"\">\r\n                                                                    <\/div>\r\n                <\/div>\r\n            <\/section>\r\n            \t\t<\/div>\n\t\t\t\t<\/div>\n\t\t\t\t\t<\/div>\n\t\t<\/div>\n\t\t\t\t\t\t\t<\/div>\n\t\t<\/section>\n\t\t\t\t<section class=\"elementor-section elementor-top-section elementor-element elementor-element-97158f1 elementor-section-boxed elementor-section-height-default elementor-section-height-default\" data-id=\"97158f1\" data-element_type=\"section\">\n\t\t\t\t\t\t<div class=\"elementor-container elementor-column-gap-default\">\n\t\t\t\t\t<div class=\"elementor-column elementor-col-100 elementor-top-column elementor-element elementor-element-72cf633\" data-id=\"72cf633\" data-element_type=\"column\">\n\t\t\t<div class=\"elementor-widget-wrap elementor-element-populated\">\n\t\t\t\t\t\t\t\t<div class=\"elementor-element elementor-element-71e4465 elementor-widget elementor-widget-spacer\" data-id=\"71e4465\" data-element_type=\"widget\" id=\"nosotros\" data-widget_type=\"spacer.default\">\n\t\t\t\t<div class=\"elementor-widget-container\">\n\t\t\t\t\t<div class=\"elementor-spacer\">\n\t\t\t<div class=\"elementor-spacer-inner\"><\/div>\n\t\t<\/div>\n\t\t\t\t<\/div>\n\t\t\t\t<\/div>\n\t\t\t\t\t<\/div>\n\t\t<\/div>\n\t\t\t\t\t\t\t<\/div>\n\t\t<\/section>\n\t\t\t\t<section class=\"elementor-section elementor-top-section elementor-element elementor-element-b3ff718 elementor-section-boxed elementor-section-height-default elementor-section-height-default\" data-id=\"b3ff718\" data-element_type=\"section\">\n\t\t\t\t\t\t\t<div class=\"elementor-background-overlay\"><\/div>\n\t\t\t\t\t\t\t<div class=\"elementor-container elementor-column-gap-default\">\n\t\t\t\t\t<div class=\"elementor-column elementor-col-50 elementor-top-column elementor-element elementor-element-b58d209\" data-id=\"b58d209\" data-element_type=\"column\">\n\t\t\t<div class=\"elementor-widget-wrap elementor-element-populated\">\n\t\t\t\t\t\t\t\t<div class=\"elementor-element elementor-element-2041f9d elementor-widget elementor-widget-heading\" data-id=\"2041f9d\" data-element_type=\"widget\" data-widget_type=\"heading.default\">\n\t\t\t\t<div class=\"elementor-widget-container\">\n\t\t\t<h2 class=\"elementor-heading-title elementor-size-default\"><p style=\"text-align: left; font-weight: normal; font-stretch: normal; font-size: 38px; line-height: normal; font-family: Arial;\"><span style=\"font-kerning: none\"><b>NOSOTROS<\/b><\/span><span style=\"color: var( --e-global-color-primary ); font-family: var( --e-global-typography-primary-font-family ), Sans-serif; font-size: 1.95em;\"><\/span><\/p><\/h2>\t\t<\/div>\n\t\t\t\t<\/div>\n\t\t\t\t<div class=\"elementor-element elementor-element-12f7be4 elementor-widget elementor-widget-text-editor\" data-id=\"12f7be4\" data-element_type=\"widget\" data-widget_type=\"text-editor.default\">\n\t\t\t\t<div class=\"elementor-widget-container\">\n\t\t\t\t\t\t\t\t<p>Leader Partner tiene m\u00e1s de 16 a\u00f1os de operaciones en el Per\u00fa; enfocada en los \u00e1mbitos de asesor\u00eda y consultor\u00eda especializada en dise\u00f1o, ingenier\u00eda, planificaci\u00f3n, ejecuci\u00f3n, implementaci\u00f3n y supervisi\u00f3n de proyectos, soluciones y servicios avanzados de TI. Comunicaciones, Redes, Sistemas, Software, Infraestructura Cr\u00edtica (datacenters), Centros de Comando y Control (NOCs), Ciberseguridad, Seguridad Inform\u00e1tica, Seguridad de la Informaci\u00f3n, Continuidad Operativa y Sistemas de Gesti\u00f3n.<\/p><p>\u00a0<\/p><p>\u00a0<\/p>\t\t\t\t\t\t<\/div>\n\t\t\t\t<\/div>\n\t\t\t\t\t<\/div>\n\t\t<\/div>\n\t\t\t\t<div class=\"elementor-column elementor-col-50 elementor-top-column elementor-element elementor-element-81fe62e\" data-id=\"81fe62e\" data-element_type=\"column\">\n\t\t\t<div class=\"elementor-widget-wrap elementor-element-populated\">\n\t\t\t\t\t\t\t\t<div class=\"elementor-element elementor-element-285e509 elementor-widget elementor-widget-image\" data-id=\"285e509\" data-element_type=\"widget\" data-widget_type=\"image.default\">\n\t\t\t\t<div class=\"elementor-widget-container\">\n\t\t\t\t\t\t\t\t\t\t\t\t\t\t\t<img loading=\"lazy\" decoding=\"async\" width=\"716\" height=\"179\" src=\"https:\/\/leaderpartner.com\/wp-content\/uploads\/2021\/05\/fondo-preliminar.jpg\" class=\"attachment-large size-large\" alt=\"\" srcset=\"https:\/\/leaderpartner.com\/wp-content\/uploads\/2021\/05\/fondo-preliminar.jpg 716w, https:\/\/leaderpartner.com\/wp-content\/uploads\/2021\/05\/fondo-preliminar-300x75.jpg 300w\" sizes=\"(max-width: 716px) 100vw, 716px\" \/>\t\t\t\t\t\t\t\t\t\t\t\t\t\t\t<\/div>\n\t\t\t\t<\/div>\n\t\t\t\t\t<\/div>\n\t\t<\/div>\n\t\t\t\t\t\t\t<\/div>\n\t\t<\/section>\n\t\t\t\t<section class=\"elementor-section elementor-top-section elementor-element elementor-element-c56191b elementor-section-boxed elementor-section-height-default elementor-section-height-default\" data-id=\"c56191b\" data-element_type=\"section\">\n\t\t\t\t\t\t<div class=\"elementor-container elementor-column-gap-default\">\n\t\t\t\t\t<div class=\"elementor-column elementor-col-100 elementor-top-column elementor-element elementor-element-13d3820\" data-id=\"13d3820\" data-element_type=\"column\">\n\t\t\t<div class=\"elementor-widget-wrap elementor-element-populated\">\n\t\t\t\t\t\t\t\t<div class=\"elementor-element elementor-element-cf322e1 elementor-pagination-position-inside elementor-arrows-position-inside elementor-widget elementor-widget-image-carousel\" data-id=\"cf322e1\" data-element_type=\"widget\" data-settings=\"{&quot;pause_on_interaction&quot;:&quot;no&quot;,&quot;autoplay_speed&quot;:3000,&quot;speed&quot;:600,&quot;image_spacing_custom&quot;:{&quot;unit&quot;:&quot;px&quot;,&quot;size&quot;:-700,&quot;sizes&quot;:[]},&quot;navigation&quot;:&quot;both&quot;,&quot;autoplay&quot;:&quot;yes&quot;,&quot;pause_on_hover&quot;:&quot;yes&quot;,&quot;infinite&quot;:&quot;yes&quot;}\" data-widget_type=\"image-carousel.default\">\n\t\t\t\t<div class=\"elementor-widget-container\">\n\t\t\t\t\t<div class=\"elementor-image-carousel-wrapper swiper-container\" dir=\"ltr\">\n\t\t\t<div class=\"elementor-image-carousel swiper-wrapper\">\n\t\t\t\t<div class=\"swiper-slide\"><figure class=\"swiper-slide-inner\"><img decoding=\"async\" class=\"swiper-slide-image\" src=\"https:\/\/leaderpartner.com\/wp-content\/uploads\/2021\/05\/oxford-e1620380538448.png\" alt=\"oxford\" \/><\/figure><\/div><div class=\"swiper-slide\"><figure class=\"swiper-slide-inner\"><img decoding=\"async\" class=\"swiper-slide-image\" src=\"https:\/\/leaderpartner.com\/wp-content\/uploads\/2021\/05\/pacific-e1620380559881.png\" alt=\"pacific\" \/><\/figure><\/div><div class=\"swiper-slide\"><figure class=\"swiper-slide-inner\"><img decoding=\"async\" class=\"swiper-slide-image\" src=\"https:\/\/leaderpartner.com\/wp-content\/uploads\/2021\/05\/prom_peru-e1620380572366.png\" alt=\"prom_peru\" \/><\/figure><\/div><div class=\"swiper-slide\"><figure class=\"swiper-slide-inner\"><img decoding=\"async\" class=\"swiper-slide-image\" src=\"https:\/\/leaderpartner.com\/wp-content\/uploads\/2021\/05\/rnp-e1620380586334.png\" alt=\"rnp\" \/><\/figure><\/div><div class=\"swiper-slide\"><figure class=\"swiper-slide-inner\"><img decoding=\"async\" class=\"swiper-slide-image\" src=\"https:\/\/leaderpartner.com\/wp-content\/uploads\/2021\/05\/rsa-e1620380631446.png\" alt=\"rsa\" \/><\/figure><\/div><div class=\"swiper-slide\"><figure class=\"swiper-slide-inner\"><img decoding=\"async\" class=\"swiper-slide-image\" src=\"https:\/\/leaderpartner.com\/wp-content\/uploads\/2021\/05\/taca-e1620380646207.png\" alt=\"taca\" \/><\/figure><\/div><div class=\"swiper-slide\"><figure class=\"swiper-slide-inner\"><img decoding=\"async\" class=\"swiper-slide-image\" src=\"https:\/\/leaderpartner.com\/wp-content\/uploads\/2021\/05\/tam_consulting-e1620380663389.png\" alt=\"tam_consulting\" \/><\/figure><\/div><div class=\"swiper-slide\"><figure class=\"swiper-slide-inner\"><img decoding=\"async\" class=\"swiper-slide-image\" src=\"https:\/\/leaderpartner.com\/wp-content\/uploads\/2021\/05\/telefonica-e1620380687759.png\" alt=\"telefonica\" \/><\/figure><\/div><div class=\"swiper-slide\"><figure class=\"swiper-slide-inner\"><img decoding=\"async\" class=\"swiper-slide-image\" src=\"https:\/\/leaderpartner.com\/wp-content\/uploads\/2021\/05\/tigo-e1620380707509.png\" alt=\"tigo\" \/><\/figure><\/div><div class=\"swiper-slide\"><figure class=\"swiper-slide-inner\"><img decoding=\"async\" class=\"swiper-slide-image\" src=\"https:\/\/leaderpartner.com\/wp-content\/uploads\/2021\/05\/vivo-e1620380723206.png\" alt=\"vivo\" \/><\/figure><\/div><div class=\"swiper-slide\"><figure class=\"swiper-slide-inner\"><img decoding=\"async\" class=\"swiper-slide-image\" src=\"https:\/\/leaderpartner.com\/wp-content\/uploads\/2021\/05\/xiscom-e1620380748954.png\" alt=\"xiscom\" \/><\/figure><\/div><div class=\"swiper-slide\"><figure class=\"swiper-slide-inner\"><img decoding=\"async\" class=\"swiper-slide-image\" src=\"https:\/\/leaderpartner.com\/wp-content\/uploads\/2021\/05\/zte-e1620380761364.png\" alt=\"zte\" \/><\/figure><\/div><div class=\"swiper-slide\"><figure class=\"swiper-slide-inner\"><img decoding=\"async\" class=\"swiper-slide-image\" src=\"https:\/\/leaderpartner.com\/wp-content\/uploads\/2021\/05\/activos_mineros-e1620381172992.png\" alt=\"activos_mineros\" \/><\/figure><\/div><div class=\"swiper-slide\"><figure class=\"swiper-slide-inner\"><img decoding=\"async\" class=\"swiper-slide-image\" src=\"https:\/\/leaderpartner.com\/wp-content\/uploads\/2021\/05\/aenor-e1620381189394.png\" alt=\"aenor\" \/><\/figure><\/div><div class=\"swiper-slide\"><figure class=\"swiper-slide-inner\"><img decoding=\"async\" class=\"swiper-slide-image\" src=\"https:\/\/leaderpartner.com\/wp-content\/uploads\/2021\/05\/atiperu-e1620381206463.png\" alt=\"atiperu\" \/><\/figure><\/div><div class=\"swiper-slide\"><figure class=\"swiper-slide-inner\"><img decoding=\"async\" class=\"swiper-slide-image\" src=\"https:\/\/leaderpartner.com\/wp-content\/uploads\/2021\/05\/bureau-e1620381218959.png\" alt=\"bureau\" \/><\/figure><\/div><div class=\"swiper-slide\"><figure class=\"swiper-slide-inner\"><img decoding=\"async\" class=\"swiper-slide-image\" src=\"https:\/\/leaderpartner.com\/wp-content\/uploads\/2021\/05\/cite_agroindustrial-e1620381230857.png\" alt=\"cite_agroindustrial\" \/><\/figure><\/div><div class=\"swiper-slide\"><figure class=\"swiper-slide-inner\"><img decoding=\"async\" class=\"swiper-slide-image\" src=\"https:\/\/leaderpartner.com\/wp-content\/uploads\/2021\/05\/claro-e1620381244455.png\" alt=\"claro\" \/><\/figure><\/div><div class=\"swiper-slide\"><figure class=\"swiper-slide-inner\"><img decoding=\"async\" class=\"swiper-slide-image\" src=\"https:\/\/leaderpartner.com\/wp-content\/uploads\/2021\/05\/convergia-e1620381258628.png\" alt=\"convergia\" \/><\/figure><\/div><div class=\"swiper-slide\"><figure class=\"swiper-slide-inner\"><img decoding=\"async\" class=\"swiper-slide-image\" src=\"https:\/\/leaderpartner.com\/wp-content\/uploads\/2021\/05\/crossvalley-e1620381271743.png\" alt=\"crossvalley\" \/><\/figure><\/div>\t\t\t<\/div>\n\t\t\t\t\t\t\t\t\t\t\t\t<div class=\"swiper-pagination\"><\/div>\n\t\t\t\t\t\t\t\t\t\t\t\t\t<div class=\"elementor-swiper-button elementor-swiper-button-prev\">\n\t\t\t\t\t\t<i class=\"eicon-chevron-left\" aria-hidden=\"true\"><\/i>\n\t\t\t\t\t\t<span class=\"elementor-screen-only\">Anterior<\/span>\n\t\t\t\t\t<\/div>\n\t\t\t\t\t<div class=\"elementor-swiper-button elementor-swiper-button-next\">\n\t\t\t\t\t\t<i class=\"eicon-chevron-right\" aria-hidden=\"true\"><\/i>\n\t\t\t\t\t\t<span class=\"elementor-screen-only\">Siguiente<\/span>\n\t\t\t\t\t<\/div>\n\t\t\t\t\t\t\t\t\t<\/div>\n\t\t\t\t<\/div>\n\t\t\t\t<\/div>\n\t\t\t\t\t<\/div>\n\t\t<\/div>\n\t\t\t\t\t\t\t<\/div>\n\t\t<\/section>\n\t\t\t\t<section class=\"elementor-section elementor-top-section elementor-element elementor-element-8808089 elementor-section-full_width elementor-section-height-default elementor-section-height-default\" data-id=\"8808089\" data-element_type=\"section\" id=\"servicios\">\n\t\t\t\t\t\t<div class=\"elementor-container elementor-column-gap-no\">\n\t\t\t\t\t<div class=\"elementor-column elementor-col-100 elementor-top-column elementor-element elementor-element-5ae100e\" data-id=\"5ae100e\" data-element_type=\"column\">\n\t\t\t<div class=\"elementor-widget-wrap elementor-element-populated\">\n\t\t\t\t\t\t\t\t<div class=\"elementor-element elementor-element-0aaa9cd elementor-widget elementor-widget-appart-call2action\" data-id=\"0aaa9cd\" data-element_type=\"widget\" data-widget_type=\"appart-call2action.default\">\n\t\t\t\t<div class=\"elementor-widget-container\">\n\t\t\t            <section class=\"about_area\">\r\n                                <div class=\"container\">\r\n                    <div class=\"row row_reverse align_items_center\">\r\n                        <div class=\"col-lg-7\">\r\n                                                            <div class=\"about_img text-right\">\r\n                                    <img decoding=\"async\" src=\"http:\/\/leaderpartner.com\/wp-content\/uploads\/2021\/05\/servicios_home_3_Mesa-de-trabajo-1.png\" alt=\"f_img\">\r\n                                <\/div>\r\n                                                    <\/div>\r\n                        <div class=\"col-lg-5\">\r\n                            <div class=\"about_content\">\r\n                                                                    <h2 class=\"h_color f_36 wow fadeInUp\"> <p style=\"text-align: left;font-weight: normal;font-size: 38px;line-height: normal;font-family: Arial\"><span><b>SERVICIOS<\/b><\/span><\/p> <\/h2>\r\n                                                                                                    <div class=\"wow fadeInUp\"\r\n                                         data-wow-delay=\"300ms\"><p>Solucionamos fallas, incidentes y problemas complejos en sus sistemas, servicios, redes y comunicaciones.<\/p>\n<\/div>\r\n                                                                                                    <a href=\"http:\/\/leaderpartner.com\/?page_id=614\"                                        class=\"n_banner_btn wow fadeInUp \"\r\n                                       data-wow-delay=\"450ms\">\r\n                                        Nuestros Servicios                                    <\/a>\r\n                                                            <\/div>\r\n                        <\/div>\r\n                    <\/div>\r\n                <\/div>\r\n            <\/section>\r\n            \t\t<\/div>\n\t\t\t\t<\/div>\n\t\t\t\t\t<\/div>\n\t\t<\/div>\n\t\t\t\t\t\t\t<\/div>\n\t\t<\/section>\n\t\t\t\t\t\t<\/div>\n\t\t\t\t\t<\/div>\n\t\t","protected":false},"excerpt":{"rendered":"<p>NOSOTROS Leader Partner tiene m\u00e1s de 16 a\u00f1os de operaciones en el Per\u00fa; enfocada en los \u00e1mbitos de asesor\u00eda y consultor\u00eda especializada en dise\u00f1o, ingenier\u00eda, planificaci\u00f3n, ejecuci\u00f3n, implementaci\u00f3n y supervisi\u00f3n de proyectos, soluciones y servicios avanzados de TI. Comunicaciones, Redes, Sistemas, Software, Infraestructura Cr\u00edtica (datacenters), Centros de Comando y Control (NOCs), Ciberseguridad, Seguridad Inform\u00e1tica, Seguridad&#8230;<\/p>\n","protected":false},"author":1,"featured_media":0,"parent":0,"menu_order":0,"comment_status":"closed","ping_status":"closed","template":"elementor_header_footer","meta":{"footnotes":""},"_links":{"self":[{"href":"https:\/\/leaderpartner.com\/index.php?rest_route=\/wp\/v2\/pages\/358"}],"collection":[{"href":"https:\/\/leaderpartner.com\/index.php?rest_route=\/wp\/v2\/pages"}],"about":[{"href":"https:\/\/leaderpartner.com\/index.php?rest_route=\/wp\/v2\/types\/page"}],"author":[{"embeddable":true,"href":"https:\/\/leaderpartner.com\/index.php?rest_route=\/wp\/v2\/users\/1"}],"replies":[{"embeddable":true,"href":"https:\/\/leaderpartner.com\/index.php?rest_route=%2Fwp%2Fv2%2Fcomments&post=358"}],"version-history":[{"count":36,"href":"https:\/\/leaderpartner.com\/index.php?rest_route=\/wp\/v2\/pages\/358\/revisions"}],"predecessor-version":[{"id":3360,"href":"https:\/\/leaderpartner.com\/index.php?rest_route=\/wp\/v2\/pages\/358\/revisions\/3360"}],"wp:attachment":[{"href":"https:\/\/leaderpartner.com\/index.php?rest_route=%2Fwp%2Fv2%2Fmedia&parent=358"}],"curies":[{"name":"wp","href":"https:\/\/api.w.org\/{rel}","templated":true}]}}